{"id":6648,"date":"2025-09-22T10:29:30","date_gmt":"2025-09-22T10:29:30","guid":{"rendered":"https:\/\/p-v69e2u.project.space\/conference-hotel\/"},"modified":"2026-04-27T08:26:19","modified_gmt":"2026-04-27T08:26:19","slug":"conference-hotel","status":"publish","type":"page","link":"https:\/\/p-v69e2u.project.space\/en\/meetings-and-events\/conference-hotel\/","title":{"rendered":"Conference hotel"},"content":{"rendered":"<div class=\"et_pb_section_0 et_pb_section et_section_regular et_block_section z-index-0\"><div class=\"et_pb_row_0 et_pb_row et_pb_equal_columns et_block_row\"><div class=\"et_pb_column_0 et_pb_column et_pb_column_1_2 et_block_column et_pb_css_mix_blend_mode_passthrough\"><div class=\"et_pb_text_0 et_pb_text et_pb_bg_layout_light et_pb_module et_block_module preset--module--divi-text--17aa47f9-1791-4ef5-8c6e-2067ce530fd2\"><div class=\"et_pb_text_inner\"><p>professional, flexible, personal<\/p>\n<\/div><\/div><div class=\"et_pb_heading_0 et_pb_heading et_pb_module et_block_module head-font preset--module--divi-heading--6b1cdf70-b116-44f1-b170-07837637ffba\"><div class=\"et_pb_heading_container\"><h1 class=\"et_pb_module_header\">Tagungshotel Aedenlife \u2013 Tagen auf R\u00fcgen<\/h1><\/div><\/div><div class=\"et_pb_text_1 et_pb_text et_pb_bg_layout_light et_pb_module et_block_module preset--module--divi-text--2d186a9d-0022-4931-bb60-8056d0118c7b\"><div class=\"et_pb_text_inner\"><p>Welcome to undisturbed meetings and successful events surrounded by nature on R\u00fcgen. Our conference hotel on R\u00fcgen offers modern conference rooms, tailor-made offers and packages for your events on R\u00fcgen, and a supporting programme that inspires and connects. <\/p>\n<\/div><\/div><\/div><div class=\"et_pb_column_1 et_pb_column et_pb_column_1_2 et-last-child et_block_column et_pb_css_mix_blend_mode_passthrough\"><div class=\"et_pb_image_0 et_pb_image et_pb_module et_block_module preset--module--divi-image--f4c36f21-314c-43ce-b01c-e0dff776509a\"><span class=\"et_pb_image_wrap\"><img loading=\"lazy\" decoding=\"async\" src=\"https:\/\/p-v69e2u.project.space\/wp-content\/uploads\/2025\/11\/tagungsraeume-header-image.jpg\" width=\"800\" height=\"800\" srcset=\"https:\/\/p-v69e2u.project.space\/wp-content\/uploads\/2025\/11\/tagungsraeume-header-image.jpg 800w, https:\/\/p-v69e2u.project.space\/wp-content\/uploads\/2025\/11\/tagungsraeume-header-image-480x480.jpg 480w\" sizes=\"(min-width: 0px) and (max-width: 480px) 480px, (min-width: 481px) 800px, 100vw\" class=\"wp-image-6204\" alt=\"Meeting room, with whiteboard\" \/><\/span><\/div><\/div><\/div><\/div><div class=\"et_pb_section_1 et_pb_section et_section_regular et_block_section\"><div class=\"et_pb_row_1 et_pb_row et_pb_equal_columns et_block_row orderWrapper\"><div class=\"et_pb_column_2 et_pb_column et_pb_column_1_2 et_block_column et_pb_css_mix_blend_mode_passthrough tabletSecond\"><div class=\"et_pb_image_1 et_pb_image et_pb_module et_block_module preset--module--divi-image--580f24f7-84d7-4aa1-a152-7ba7cd72f725\"><span class=\"et_pb_image_wrap\"><img loading=\"lazy\" decoding=\"async\" src=\"https:\/\/p-v69e2u.project.space\/wp-content\/uploads\/2025\/11\/meeting-tisch-image.jpg\" width=\"800\" height=\"620\" srcset=\"https:\/\/p-v69e2u.project.space\/wp-content\/uploads\/2025\/11\/meeting-tisch-image.jpg 800w, https:\/\/p-v69e2u.project.space\/wp-content\/uploads\/2025\/11\/meeting-tisch-image-480x372.jpg 480w\" sizes=\"(min-width: 0px) and (max-width: 480px) 480px, (min-width: 481px) 800px, 100vw\" class=\"wp-image-6186\" alt=\"Festive tableware with wine glasses\" \/><\/span><\/div><\/div><div class=\"et_pb_column_3 et_pb_column et_pb_column_1_2 et-last-child et_block_column et_pb_css_mix_blend_mode_passthrough tabletFirst\"><div class=\"et_pb_heading_1 et_pb_heading et_pb_module et_block_module head-font preset--module--divi-heading--f5eead34-ecd1-47b6-b936-72bf5a4138f6\"><div class=\"et_pb_heading_container\"><h2 class=\"et_pb_module_header\">Unsere Tagungsr\u00e4ume bieten alles f\u00fcr Ihr Meeting<\/h2><\/div><\/div><div class=\"et_pb_text_2 et_pb_text et_pb_bg_layout_light et_pb_module et_block_module et_pb_text_align_left-phone preset--module--divi-text--2d186a9d-0022-4931-bb60-8056d0118c7b\"><div class=\"et_pb_text_inner\"><p><span>Unsere Tagungsr\u00e4ume sind mit moderner Technik wie Beamer, Leinwand, Whiteboard, Flipchart und WLAN ausgestattet. Dar\u00fcber hinaus bieten wir in unserem Tagungshotel flexible Tagungspauschalen f\u00fcr verschiedenste Veranstaltungen auf R\u00fcgen an \u2013 von Halbtages- bis zu Ganztagesarrangements inklusive abwechslungsreichem Catering. Ob Seminarraum mieten f\u00fcr einen Workshop oder ganzt\u00e4gige Teambuilding-Events, im Aedenlife finden Sie das passende Angebot.<\/span><\/p>\n<ul><\/ul>\n<\/div><\/div><div class=\"et_pb_module et_pb_button_module_wrapper et_pb_button_0_wrapper preset--module--divi-button--default_wrapper\"><a class=\"et_pb_button_0 et_pb_button et_pb_bg_layout_dark et_pb_module et_block_module preset--module--divi-button--default\" href=\"mailto:info.ruegen@aedenlife.com?subject=Anfrage:%20Tagungen\">Request an offer<\/a><\/div><\/div><\/div><\/div><div class=\"et_pb_section_2 et_pb_section et_section_regular et_block_section z-index-0\"><div class=\"et_pb_row_2 et_pb_row et_pb_equal_columns et_block_row\"><div class=\"et_pb_column_4 et_pb_column et_pb_column_1_2 et_block_column et_pb_css_mix_blend_mode_passthrough\"><div class=\"et_pb_heading_2 et_pb_heading et_pb_module et_block_module head-font preset--module--divi-heading--f5eead34-ecd1-47b6-b936-72bf5a4138f6\"><div class=\"et_pb_heading_container\"><h2 class=\"et_pb_module_header\">Eventlocation f\u00fcr Incentives mieten<\/h2><\/div><\/div><div class=\"et_pb_text_3 et_pb_text et_pb_bg_layout_light et_pb_module et_block_module et_pb_text_align_left-phone preset--module--divi-text--2d186a9d-0022-4931-bb60-8056d0118c7b\"><div class=\"et_pb_text_inner\"><p><span>Kombinieren Sie Ihre Tagung mit Incentive-Erlebnissen wie Kochkurs, Bogenschie\u00dfen oder Wellness. Die passende Eventlocation k\u00f6nnen Sie im Aedenlife mieten. Wir \u00fcbernehmen die komplette Organisation Ihrer Veranstaltungen und Teambuilding-Events.<\/span><\/p>\n<ul><\/ul>\n<\/div><\/div><div class=\"et_pb_module et_pb_button_module_wrapper et_pb_button_1_wrapper preset--module--divi-button--default_wrapper\"><a class=\"et_pb_button_1 et_pb_button et_pb_bg_layout_dark et_pb_module et_block_module preset--module--divi-button--default\" href=\"mailto:info.ruegen@aedenlife.com?subject=Anfrage:%20Tagungen\">Request an offer<\/a><\/div><\/div><div class=\"et_pb_column_5 et_pb_column et_pb_column_1_2 et-last-child et_block_column et_pb_css_mix_blend_mode_passthrough\"><div class=\"et_pb_image_2 et_pb_image et_pb_module et_block_module preset--module--divi-image--e5b31e9f-c638-455c-86a2-d14e6afed353\"><span class=\"et_pb_image_wrap\"><img loading=\"lazy\" decoding=\"async\" src=\"https:\/\/p-v69e2u.project.space\/wp-content\/uploads\/2025\/11\/meeting-essen-image.jpg\" width=\"800\" height=\"620\" srcset=\"https:\/\/p-v69e2u.project.space\/wp-content\/uploads\/2025\/11\/meeting-essen-image.jpg 800w, https:\/\/p-v69e2u.project.space\/wp-content\/uploads\/2025\/11\/meeting-essen-image-480x372.jpg 480w\" sizes=\"(min-width: 0px) and (max-width: 480px) 480px, (min-width: 481px) 800px, 100vw\" class=\"wp-image-6180\" alt=\"Catering for meetings and events\" \/><\/span><\/div><\/div><\/div><\/div>","protected":false},"excerpt":{"rendered":"","protected":false},"author":2,"featured_media":0,"parent":6645,"menu_order":0,"comment_status":"closed","ping_status":"closed","template":"","meta":{"inline_featured_image":false,"footnotes":""},"class_list":["post-6648","page","type-page","status-publish","hentry"],"_links":{"self":[{"href":"https:\/\/p-v69e2u.project.space\/en\/wp-json\/wp\/v2\/pages\/6648","targetHints":{"allow":["GET"]}}],"collection":[{"href":"https:\/\/p-v69e2u.project.space\/en\/wp-json\/wp\/v2\/pages"}],"about":[{"href":"https:\/\/p-v69e2u.project.space\/en\/wp-json\/wp\/v2\/types\/page"}],"author":[{"embeddable":true,"href":"https:\/\/p-v69e2u.project.space\/en\/wp-json\/wp\/v2\/users\/2"}],"replies":[{"embeddable":true,"href":"https:\/\/p-v69e2u.project.space\/en\/wp-json\/wp\/v2\/comments?post=6648"}],"version-history":[{"count":5,"href":"https:\/\/p-v69e2u.project.space\/en\/wp-json\/wp\/v2\/pages\/6648\/revisions"}],"predecessor-version":[{"id":7769,"href":"https:\/\/p-v69e2u.project.space\/en\/wp-json\/wp\/v2\/pages\/6648\/revisions\/7769"}],"up":[{"embeddable":true,"href":"https:\/\/p-v69e2u.project.space\/en\/wp-json\/wp\/v2\/pages\/6645"}],"wp:attachment":[{"href":"https:\/\/p-v69e2u.project.space\/en\/wp-json\/wp\/v2\/media?parent=6648"}],"curies":[{"name":"wp","href":"https:\/\/api.w.org\/{rel}","templated":true}]}}