{"id":6631,"date":"2025-01-28T09:00:09","date_gmt":"2025-01-28T09:00:09","guid":{"rendered":"https:\/\/p-v69e2u.project.space\/wellness\/"},"modified":"2026-04-27T08:26:09","modified_gmt":"2026-04-27T08:26:09","slug":"wellness","status":"publish","type":"page","link":"https:\/\/p-v69e2u.project.space\/en\/wellness\/","title":{"rendered":"Wellness"},"content":{"rendered":"<div class=\"et_pb_section_0 et_pb_section et_section_specialty et_pb_equal_columns et_pb_gutters3 et_block_section preset--module--divi-specialty-section--default\"><div class=\"et_pb_row et_block_row\"><div class=\"et_pb_column_0 et_pb_column et_pb_column_single et_pb_column_1_2 et_block_column et_pb_css_mix_blend_mode_passthrough\"><div class=\"et_pb_code_0 et_pb_code et_pb_module\"><\/div><\/div><div class=\"et_pb_column_1 et_pb_column et_pb_specialty_column et_pb_column_1_2 et-last-child et_block_column et_pb_column_empty et_pb_css_mix_blend_mode_passthrough\"><\/div><\/div><\/div><div class=\"et_pb_section_1 et_pb_section et_section_regular et_block_section preset--module--divi-section--c76e071d-b3e5-447a-8aa9-3df7f257a5af\"><div class=\"et_pb_row_0 et_pb_row et_block_row\"><div class=\"et_pb_column_2 et_pb_column et_pb_column_4_4 et-last-child et_block_column et_pb_css_mix_blend_mode_passthrough\"><div class=\"et_pb_text_0 et_pb_text et_pb_bg_layout_light et_pb_module et_block_module et_pb_text_align_center preset--module--divi-text--17aa47f9-1791-4ef5-8c6e-2067ce530fd2\"><div class=\"et_pb_text_inner\"><p><span data-metadata=\"&lt;!--(figmeta)eyJmaWxlS2V5IjoiZDc3dzc4bE1rVEE4eXdtaG4zVmI5bSIsInBhc3RlSUQiOjExMzIyMjM4MDIsImRhdGFUeXBlIjoic2NlbmUifQo=(\/figmeta)--&gt;\"><\/span>Wellness\/Fitness<\/p>\n<\/div><\/div><div class=\"et_pb_heading_0 et_pb_heading et_pb_module et_block_module head-font preset--module--divi-heading--07c807f5-30a2-466c-bd49-e9a777215f15\"><div class=\"et_pb_heading_container\"><h1 class=\"et_pb_module_header\">Wellness hotel on R\u00fcgen \u2013 Freedom for body and mind<\/h1><\/div><\/div><div class=\"et_pb_text_1 et_pb_text et_pb_bg_layout_light et_pb_module et_block_module et_pb_text_align_center preset--module--divi-text--a1bebcce-26b7-401b-bde8-72bfa10e960b\"><div class=\"et_pb_text_inner\"><p>Not only is R\u00fcgen a wonderful place to visit, but so is your own body. Immersing yourself in the peace and relaxation of Arelaxlife at the Aedenlife wellness hotel on R\u00fcgen will reawaken your spirits and give you hours of deep relaxation and regeneration. Our wellness offers will turn your stay into a wellness holiday and allow you to unwind on R\u00fcgen. Wellness brings the rest and relaxation that your body and mind need.   <\/p>\n<\/div><\/div><div class=\"et_pb_icon_0 et_pb_icon et_pb_module et_block_module preset--module--divi-icon--a1264cde-02c4-43b0-9644-2c0ea0ae1cfb\"><span class=\"et_pb_icon_wrap\"><span class=\"et-pb-icon\">7<\/span><\/span><\/div><\/div><\/div><\/div><div class=\"et_pb_section_2 et_pb_section et_section_regular et_block_section\"><div class=\"et_pb_row_1 et_pb_row et_pb_equal_columns et_block_row orderWrapper\"><div class=\"et_pb_column_3 et_pb_column et_pb_column_1_2 et_block_column et_pb_css_mix_blend_mode_passthrough tabletSecond preset--module--divi-column--096513a3-4784-40f4-ae7d-a6f4bc07a198\"><div class=\"et_pb_image_0 et_pb_image et_pb_module et_block_module preset--module--divi-image--580f24f7-84d7-4aa1-a152-7ba7cd72f725\"><span class=\"et_pb_image_wrap\"><img loading=\"lazy\" decoding=\"async\" src=\"https:\/\/p-v69e2u.project.space\/wp-content\/uploads\/2025\/11\/pool-image-2.jpg\" width=\"800\" height=\"620\" srcset=\"https:\/\/p-v69e2u.project.space\/wp-content\/uploads\/2025\/11\/pool-image-2.jpg 800w, https:\/\/p-v69e2u.project.space\/wp-content\/uploads\/2025\/11\/pool-image-2-480x372.jpg 480w\" sizes=\"(min-width: 0px) and (max-width: 480px) 480px, (min-width: 481px) 800px, 100vw\" class=\"wp-image-5895\" alt=\"Enjoy a cocktail by the pool\" \/><\/span><\/div><\/div><div class=\"et_pb_column_4 et_pb_column et_pb_column_1_2 et-last-child et_block_column et_pb_css_mix_blend_mode_passthrough tabletFirst\"><div class=\"et_pb_heading_1 et_pb_heading et_pb_module et_block_module head-font preset--module--divi-heading--f5eead34-ecd1-47b6-b936-72bf5a4138f6\"><div class=\"et_pb_heading_container\"><h2 class=\"et_pb_module_header\">Pool & sauna \u2013 Where the soul relaxes<\/h2><\/div><\/div><div class=\"et_pb_text_2 et_pb_text et_pb_bg_layout_light et_pb_module et_block_module preset--module--divi-text--2d186a9d-0022-4931-bb60-8056d0118c7b\"><div class=\"et_pb_text_inner\"><p>Drop your beach bag, slip off your shoes and swim a few laps in the pool at any time of year, experience the cosy warmth of the sauna, then snuggle up on a warm lounger, do some exercise or, in summer, enjoy the sun in the beautiful garden landscape and outdoor pool at our wellness hotel on R\u00fcgen. A burst of freshness, an energy boost, relaxation for the soul: Arelaxlife is all of these things, and Aedenlife R\u00fcgen is your hotel with a swimming pool for a relaxing wellness weekend on the Baltic Sea. <\/p>\n<\/div><\/div><div class=\"et_pb_module et_pb_button_module_wrapper et_pb_button_0_wrapper preset--module--divi-button--default_wrapper\"><a class=\"et_pb_button_0 et_pb_button et_pb_bg_layout_dark et_pb_module et_block_module preset--module--divi-button--default\" href=\"https:\/\/p-v69e2u.project.space\/wellness-2\/pool-sauna\/\">To the pool area<\/a><\/div><\/div><\/div><\/div><div class=\"et_pb_section_3 et_pb_section et_section_regular et_block_section z-index-0\"><div class=\"et_pb_row_2 et_pb_row et_pb_equal_columns et_block_row\"><div class=\"et_pb_column_5 et_pb_column et_pb_column_1_2 et_block_column et_pb_css_mix_blend_mode_passthrough\"><div class=\"et_pb_heading_2 et_pb_heading et_pb_module et_block_module head-font preset--module--divi-heading--f5eead34-ecd1-47b6-b936-72bf5a4138f6\"><div class=\"et_pb_heading_container\"><h2 class=\"et_pb_module_header\">Spa & Beauty \u2013 Wellness offers for your break on R\u00fcgen<\/h2><\/div><\/div><div class=\"et_pb_text_3 et_pb_text et_pb_bg_layout_light et_pb_module et_block_module preset--module--divi-text--2d186a9d-0022-4931-bb60-8056d0118c7b\"><div class=\"et_pb_text_inner\"><p>Our body is our temple, the home of the spirit, a powerhouse for everything life has to offer. Caring for it and nourishing it with relaxation is both a requirement and a passion. At the Aedenlife wellness hotel on R\u00fcgen, you can do your body some good with spa treatments and treat yourself and your body to a valuable break on R\u00fcgen. Wellness and beauty treatments inspired by the diversity of nature, special R\u00fcgen rituals, pedicures or classic massages allow stress to melt away and relaxation to take hold.   <\/p>\n<\/div><\/div><div class=\"et_pb_module et_pb_button_module_wrapper et_pb_button_1_wrapper preset--module--divi-button--6387f850-9721-4354-a699-ff852c3c682e_wrapper\"><a class=\"et_pb_button_1 et_pb_button et_pb_bg_layout_dark et_pb_module et_block_module preset--module--divi-button--6387f850-9721-4354-a699-ff852c3c682e\" href=\"https:\/\/p-v69e2u.project.space\/wellness-2\/spa-behandlungen\/\">To the spa area<\/a><\/div><\/div><div class=\"et_pb_column_6 et_pb_column et_pb_column_1_2 et-last-child et_block_column et_pb_css_mix_blend_mode_passthrough tabletSecond preset--module--divi-column--096513a3-4784-40f4-ae7d-a6f4bc07a198\"><div class=\"et_pb_image_1 et_pb_image et_pb_module et_block_module preset--module--divi-image--e5b31e9f-c638-455c-86a2-d14e6afed353\"><span class=\"et_pb_image_wrap\"><img loading=\"lazy\" decoding=\"async\" src=\"https:\/\/p-v69e2u.project.space\/wp-content\/uploads\/2025\/11\/wellness-image.jpg\" width=\"800\" height=\"620\" srcset=\"https:\/\/p-v69e2u.project.space\/wp-content\/uploads\/2025\/11\/wellness-image.jpg 800w, https:\/\/p-v69e2u.project.space\/wp-content\/uploads\/2025\/11\/wellness-image-480x372.jpg 480w\" sizes=\"(min-width: 0px) and (max-width: 480px) 480px, (min-width: 481px) 800px, 100vw\" class=\"wp-image-5910\" alt=\"Massage and relaxation\" \/><\/span><\/div><\/div><\/div><\/div><div class=\"et_pb_section_4 et_pb_section et_section_regular et_block_section\"><div class=\"et_pb_row_3 et_pb_row et_pb_equal_columns et_block_row orderWrapper\"><div class=\"et_pb_column_7 et_pb_column et_pb_column_1_2 et_block_column et_pb_css_mix_blend_mode_passthrough tabletSecond preset--module--divi-column--096513a3-4784-40f4-ae7d-a6f4bc07a198\"><div class=\"et_pb_image_2 et_pb_image et_pb_module et_block_module preset--module--divi-image--580f24f7-84d7-4aa1-a152-7ba7cd72f725\"><span class=\"et_pb_image_wrap\"><img loading=\"lazy\" decoding=\"async\" src=\"https:\/\/p-v69e2u.project.space\/wp-content\/uploads\/2025\/11\/fitness-image.jpg\" width=\"800\" height=\"620\" srcset=\"https:\/\/p-v69e2u.project.space\/wp-content\/uploads\/2025\/11\/fitness-image.jpg 800w, https:\/\/p-v69e2u.project.space\/wp-content\/uploads\/2025\/11\/fitness-image-480x372.jpg 480w\" sizes=\"(min-width: 0px) and (max-width: 480px) 480px, (min-width: 481px) 800px, 100vw\" class=\"wp-image-5892\" alt=\"Fittnes at Hotel Aedenlife\" \/><\/span><\/div><\/div><div class=\"et_pb_column_8 et_pb_column et_pb_column_1_2 et-last-child et_block_column et_pb_css_mix_blend_mode_passthrough tabletFirst\"><div class=\"et_pb_heading_3 et_pb_heading et_pb_module et_block_module head-font preset--module--divi-heading--f5eead34-ecd1-47b6-b936-72bf5a4138f6\"><div class=\"et_pb_heading_container\"><h2 class=\"et_pb_module_header\">Actively shaping wellness at Aedenlife R\u00fcgen<\/h2><\/div><\/div><div class=\"et_pb_text_4 et_pb_text et_pb_bg_layout_light et_pb_module et_block_module preset--module--divi-text--2d186a9d-0022-4931-bb60-8056d0118c7b\"><div class=\"et_pb_text_inner\"><p>At Aedenlife, wellness on R\u00fcgen also includes sport and fitness. In addition to wellness treatments, our wellness hotel also offers a well-equipped, modern fitness area with Techno Gym steppers, treadmills and bikes, as well as a dumbbell area and yoga mats. Whether it's fitness or yoga, during your stay on R\u00fcgen you don't have to take a break from your training programme. After all, it takes consistency and enjoyment, rather than a huge selection of options, to keep your body fit and supple.   <\/p>\n<\/div><\/div><\/div><\/div><\/div><div class=\"et_pb_section_5 et_pb_section et_section_regular et_block_section\"><div class=\"et_pb_row_4 et_pb_row et_block_row\"><div class=\"et_pb_column_9 et_pb_column et_pb_column_4_4 et-last-child et_block_column et_pb_css_mix_blend_mode_passthrough\"><div class=\"et_pb_heading_4 et_pb_heading et_pb_module et_block_module preset--module--divi-heading--29190018-d2cc-42e1-98f1-0960a5077f36\"><div class=\"et_pb_heading_container\"><h2 class=\"et_pb_module_header\">Useful information<\/h2><\/div><\/div><\/div><\/div><div class=\"et_pb_row_5 et_pb_row et_pb_row_4col et_pb_equal_columns et_pb_gutters2 et_block_row et_block_row_4col\"><div class=\"et_pb_column_10 et_pb_column et_pb_column_1_4 et_block_column et_pb_css_mix_blend_mode_passthrough et_animated preset--module--divi-column--6ea4c9e9-3b45-41dc-a4a5-48fe83cc7cac\"><div class=\"et_pb_text_5 et_pb_text et_pb_bg_layout_light et_pb_module et_block_module preset--module--divi-text--6de73d31-ad69-4c1c-8a72-6b5c5a1d0529\"><div class=\"et_pb_text_inner\"><h3>Sauna area<\/h3>\n<\/div><\/div><div class=\"et_pb_text_6 et_pb_text et_pb_bg_layout_light et_pb_module et_block_module et_pb_text_align_left-phone preset--module--divi-text--2d186a9d-0022-4931-bb60-8056d0118c7b\"><div class=\"et_pb_text_inner\"><p>2:00 p.m. \u2013 8:00 p.m.<\/p>\n<\/div><\/div><\/div><div class=\"et_pb_column_11 et_pb_column et_pb_column_1_4 et_block_column et_pb_css_mix_blend_mode_passthrough et_animated preset--module--divi-column--6ea4c9e9-3b45-41dc-a4a5-48fe83cc7cac\"><div class=\"et_pb_text_7 et_pb_text et_pb_bg_layout_light et_pb_module et_block_module preset--module--divi-text--6de73d31-ad69-4c1c-8a72-6b5c5a1d0529\"><div class=\"et_pb_text_inner\"><h3>Indoor and outdoor pool<\/h3>\n<\/div><\/div><div class=\"et_pb_text_8 et_pb_text et_pb_bg_layout_light et_pb_module et_block_module et_pb_text_align_left-phone preset--module--divi-text--2d186a9d-0022-4931-bb60-8056d0118c7b\"><div class=\"et_pb_text_inner\"><p>8:00 a.m. \u2013 8:00 p.m.<\/p>\n<\/div><\/div><\/div><div class=\"et_pb_column_12 et_pb_column et_pb_column_1_4 et_block_column et_pb_css_mix_blend_mode_passthrough et_animated preset--module--divi-column--6ea4c9e9-3b45-41dc-a4a5-48fe83cc7cac\"><div class=\"et_pb_text_9 et_pb_text et_pb_bg_layout_light et_pb_module et_block_module preset--module--divi-text--6de73d31-ad69-4c1c-8a72-6b5c5a1d0529\"><div class=\"et_pb_text_inner\"><h3>Fitness studio<\/h3>\n<\/div><\/div><div class=\"et_pb_text_10 et_pb_text et_pb_bg_layout_light et_pb_module et_block_module et_pb_text_align_left-phone preset--module--divi-text--2d186a9d-0022-4931-bb60-8056d0118c7b\"><div class=\"et_pb_text_inner\"><p>8:00 a.m. \u2013 8:00 p.m.<\/p>\n<\/div><\/div><\/div><div class=\"et_pb_column_13 et_pb_column et_pb_column_1_4 et-last-child et_block_column et_pb_css_mix_blend_mode_passthrough et_animated preset--module--divi-column--6ea4c9e9-3b45-41dc-a4a5-48fe83cc7cac\"><div class=\"et_pb_text_11 et_pb_text et_pb_bg_layout_light et_pb_module et_block_module preset--module--divi-text--6de73d31-ad69-4c1c-8a72-6b5c5a1d0529\"><div class=\"et_pb_text_inner\"><h3>Booking &amp; Contact<\/h3>\n<\/div><\/div><div class=\"et_pb_module et_pb_button_module_wrapper et_pb_button_2_wrapper preset--module--divi-button--14e06432-4765-4443-a512-1036c51336ac_wrapper\"><a class=\"et_pb_button_2 et_pb_button et_pb_bg_layout_light et_pb_module et_block_module preset--module--divi-button--14e06432-4765-4443-a512-1036c51336ac\" href=\"tel:+4938309223710\" data-icon=\"$\"> T. +49 38309 223 710<\/a><\/div><div class=\"et_pb_module et_pb_button_module_wrapper et_pb_button_3_wrapper preset--module--divi-button--14e06432-4765-4443-a512-1036c51336ac_wrapper\"><a class=\"et_pb_button_3 et_pb_button et_pb_bg_layout_light et_pb_module et_block_module preset--module--divi-button--14e06432-4765-4443-a512-1036c51336ac\" href=\"mailto:spa.ruegen@aedenlife.com\" data-icon=\"$\">spa.ruegen@aedenlife.com<\/a><\/div><div class=\"et_pb_module et_pb_button_module_wrapper et_pb_button_4_wrapper preset--module--divi-button--14e06432-4765-4443-a512-1036c51336ac_wrapper\"><a class=\"et_pb_button_4 et_pb_button et_pb_bg_layout_light et_pb_module et_block_module preset--module--divi-button--14e06432-4765-4443-a512-1036c51336ac\" href=\"https:\/\/zk-beauty.salonized.com\/widget_bookings\/new\" target=\"_blank\" data-icon=\"$\">Online reservation<\/a><\/div><\/div><\/div><\/div>","protected":false},"excerpt":{"rendered":"","protected":false},"author":2,"featured_media":0,"parent":0,"menu_order":1,"comment_status":"closed","ping_status":"closed","template":"","meta":{"inline_featured_image":false,"footnotes":""},"class_list":["post-6631","page","type-page","status-publish","hentry"],"_links":{"self":[{"href":"https:\/\/p-v69e2u.project.space\/en\/wp-json\/wp\/v2\/pages\/6631","targetHints":{"allow":["GET"]}}],"collection":[{"href":"https:\/\/p-v69e2u.project.space\/en\/wp-json\/wp\/v2\/pages"}],"about":[{"href":"https:\/\/p-v69e2u.project.space\/en\/wp-json\/wp\/v2\/types\/page"}],"author":[{"embeddable":true,"href":"https:\/\/p-v69e2u.project.space\/en\/wp-json\/wp\/v2\/users\/2"}],"replies":[{"embeddable":true,"href":"https:\/\/p-v69e2u.project.space\/en\/wp-json\/wp\/v2\/comments?post=6631"}],"version-history":[{"count":5,"href":"https:\/\/p-v69e2u.project.space\/en\/wp-json\/wp\/v2\/pages\/6631\/revisions"}],"predecessor-version":[{"id":7739,"href":"https:\/\/p-v69e2u.project.space\/en\/wp-json\/wp\/v2\/pages\/6631\/revisions\/7739"}],"wp:attachment":[{"href":"https:\/\/p-v69e2u.project.space\/en\/wp-json\/wp\/v2\/media?parent=6631"}],"curies":[{"name":"wp","href":"https:\/\/api.w.org\/{rel}","templated":true}]}}